{"id":57,"date":"2022-08-26T21:28:20","date_gmt":"2022-08-26T21:28:20","guid":{"rendered":"https:\/\/demissionner.org\/?page_id=57"},"modified":"2022-08-27T04:23:51","modified_gmt":"2022-08-27T04:23:51","slug":"ressources","status":"publish","type":"page","link":"https:\/\/demissionner.org\/?page_id=57","title":{"rendered":"Ressources"},"content":{"rendered":"\n<p><\/p>\n\n\n\n<h2 class=\"wp-block-heading\"><a href=\"https:\/\/vous-netes-pas-seuls.org\/\" data-type=\"URL\" data-id=\"https:\/\/vous-netes-pas-seuls.org\/\">Vous n&rsquo;\u00eates pas seuls<\/a><\/h2>\n\n\n\n<h2 class=\"wp-block-heading\"><a href=\"https:\/\/desertheureuses.noblogs.org\/\">Les D\u00e9sert&rsquo; Heureuses<\/a><\/h2>\n\n\n\n<h2 class=\"wp-block-heading\"><a href=\"https:\/\/recherche.medicationtime.org\/\" data-type=\"URL\" data-id=\"https:\/\/recherche.medicationtime.org\/\">Sur notre rapport \u00e0 la recherche<\/a><\/h2>\n\n\n\n<h2 class=\"wp-block-heading\">Sur reporterre.net<\/h2>\n\n\n\n<p><a href=\"https:\/\/reporterre.net\/Comment-la-desertion-gagne-la-France\" data-type=\"URL\" data-id=\"https:\/\/reporterre.net\/Comment-la-desertion-gagne-la-France\">La grande d\u00e9mission<\/a><\/p>\n\n\n\n<p><a href=\"https:\/\/reporterre.net\/La-desertion-germe-d-une-contre-societe\" data-type=\"URL\" data-id=\"https:\/\/reporterre.net\/La-desertion-germe-d-une-contre-societe\">D\u00e9sertion partie 1<\/a><\/p>\n\n\n\n<p><a href=\"https:\/\/reporterre.net\/De-l-esclave-au-proletaire-la-desertion-n-est-pas-qu-une-histoire-bourgeoise\" data-type=\"URL\" data-id=\"https:\/\/reporterre.net\/De-l-esclave-au-proletaire-la-desertion-n-est-pas-qu-une-histoire-bourgeoise\">D\u00e9sertion partie 2<\/a><\/p>\n\n\n\n<h2 class=\"wp-block-heading\">Sur wikipedia<\/h2>\n\n\n\n<p><a href=\"https:\/\/en.wikipedia.org\/wiki\/Great_Resignation\">The great resignation<\/a><\/p>\n\n\n\n<p><a href=\"https:\/\/fr.wikipedia.org\/wiki\/Grande_D%C3%A9mission\">La grande d\u00e9mission<\/a><\/p>\n\n\n\n<h2 class=\"wp-block-heading\">Sur lundi.am<\/h2>\n\n\n\n<p><a href=\"https:\/\/lundi.am\/Le-Covid-et-la-grande-demission\" data-type=\"URL\" data-id=\"https:\/\/lundi.am\/Le-Covid-et-la-grande-demission\">Covid et grande d\u00e9mission<\/a><\/p>\n\n\n\n<p><a href=\"https:\/\/lundi.am\/Demissionner-bifurquer-deserter\">D\u00e9missionner, bifurquer, d\u00e9serter<\/a><\/p>\n\n\n\n<p><\/p>\n","protected":false},"excerpt":{"rendered":"<p>Vous n&rsquo;\u00eates pas seuls Les D\u00e9sert&rsquo; Heureuses Sur notre rapport \u00e0 la recherche Sur reporterre.net La grande d\u00e9mission D\u00e9sertion partie 1 D\u00e9sertion partie 2 Sur wikipedia The great resignation La grande d\u00e9mission Sur lundi.am Covid et grande d\u00e9mission D\u00e9missionner, bifurquer, d\u00e9serter<\/p>\n","protected":false},"author":1,"featured_media":0,"parent":0,"menu_order":0,"comment_status":"closed","ping_status":"closed","template":"","meta":{"footnotes":""},"_links":{"self":[{"href":"https:\/\/demissionner.org\/index.php?rest_route=\/wp\/v2\/pages\/57"}],"collection":[{"href":"https:\/\/demissionner.org\/index.php?rest_route=\/wp\/v2\/pages"}],"about":[{"href":"https:\/\/demissionner.org\/index.php?rest_route=\/wp\/v2\/types\/page"}],"author":[{"embeddable":true,"href":"https:\/\/demissionner.org\/index.php?rest_route=\/wp\/v2\/users\/1"}],"replies":[{"embeddable":true,"href":"https:\/\/demissionner.org\/index.php?rest_route=%2Fwp%2Fv2%2Fcomments&post=57"}],"version-history":[{"count":6,"href":"https:\/\/demissionner.org\/index.php?rest_route=\/wp\/v2\/pages\/57\/revisions"}],"predecessor-version":[{"id":74,"href":"https:\/\/demissionner.org\/index.php?rest_route=\/wp\/v2\/pages\/57\/revisions\/74"}],"wp:attachment":[{"href":"https:\/\/demissionner.org\/index.php?rest_route=%2Fwp%2Fv2%2Fmedia&parent=57"}],"curies":[{"name":"wp","href":"https:\/\/api.w.org\/{rel}","templated":true}]}}